{"id":2368,"date":"2025-01-24T16:40:42","date_gmt":"2025-01-24T11:10:42","guid":{"rendered":"https:\/\/montega.de\/?page_id=2368"},"modified":"2025-03-17T20:01:01","modified_gmt":"2025-03-17T14:31:01","slug":"montega-ag-disclosure","status":"publish","type":"page","link":"https:\/\/montega.de\/en\/legal-hub\/montega-ag-disclosure\/","title":{"rendered":"Montega AG - Disclosure"},"content":{"rendered":"<p>Montega has taken various measures to avoid conflicts of interest. These include the fact that all employees of Montega AG are prohibited from trading shares from its own coverage universe for which a mandate relationship exists with the issuer for the preparation of research. In addition, both employees and the company are prohibited from accepting benefits granted to persons with a special interest in the content of the research publications. To ensure the greatest possible transparency, Montega has prepared an overview in accordance with Section 85 WpHG and Art. 20 Regulation (EU) No. 596\/2014 in conjunction with Delegated Regulation 2016\/958. Delegated Regulation 2016\/958.<\/p>\n\n\n\n<div style=\"height:60px\" aria-hidden=\"true\" class=\"wp-block-spacer\"><\/div>\n\n\n\n<h2 class=\"wp-block-heading\">Coverage<br><\/h2>\n\n\n<div class=\"companies-list\"><div class=\"company\"><h2>3U Holding AG<\/h2><p>(<\/p><a style=\"color: var( --e-global-color-primary );\" href=\"#disclosureDefinitions\"><p>1, 8, 9, 10<\/p><\/a><p>)<\/p><\/div><div class=\"company\"><h2>A.S. Cr\u00e9ation Wallpapers AG<\/h2><p>(<\/p><a style=\"color: var( --e-global-color-primary );\" href=\"#disclosureDefinitions\"><p>1, 8, 9<\/p><\/a><p>)<\/p><\/div><div class=\"company\"><h2>Alzchem Group AG<\/h2><p>(<\/p><a style=\"color: var( --e-global-color-primary );\" href=\"#disclosureDefinitions\"><p>1, 8, 9<\/p><\/a><p>)<\/p><\/div><div class=\"company\"><h2>AMAG Austria Metall AG<\/h2><p>(<\/p><a style=\"color: var( --e-global-color-primary );\" href=\"#disclosureDefinitions\"><p>1, 8, 9<\/p><\/a><p>)<\/p><\/div><div class=\"company\"><h2>Bastei L\u00fcbbe AG<\/h2><p>(<\/p><a style=\"color: var( --e-global-color-primary );\" href=\"#disclosureDefinitions\"><p>1, 8, 9<\/p><\/a><p>)<\/p><\/div><div class=\"company\"><h2>Berentzen Group AG<\/h2><p>(<\/p><a style=\"color: var( --e-global-color-primary );\" href=\"#disclosureDefinitions\"><p>1, 8, 9<\/p><\/a><p>)<\/p><\/div><div class=\"company\"><h2>Bertrandt AG<\/h2><p>(<\/p><a style=\"color: var( --e-global-color-primary );\" href=\"#disclosureDefinitions\"><p>1, 8, 9<\/p><\/a><p>)<\/p><\/div><div class=\"company\"><h2>BIKE24 Holding AG<\/h2><p>(<\/p><a style=\"color: var( --e-global-color-primary );\" href=\"#disclosureDefinitions\"><p>1, 8, 9<\/p><\/a><p>)<\/p><\/div><div class=\"company\"><h2>Cantourage Group SE<\/h2><p>(<\/p><a style=\"color: var( --e-global-color-primary );\" href=\"#disclosureDefinitions\"><p>1, 8, 9, 12<\/p><\/a><p>)<\/p><\/div><div class=\"company\"><h2>CENIT AG<\/h2><p>(<\/p><a style=\"color: var( --e-global-color-primary );\" href=\"#disclosureDefinitions\"><p>1, 8, 9<\/p><\/a><p>)<\/p><\/div><div class=\"company\"><h2>CEOTRONICS AG<\/h2><p>(<\/p><a style=\"color: var( --e-global-color-primary );\" href=\"#disclosureDefinitions\"><p>1, 8, 9<\/p><\/a><p>)<\/p><\/div><div class=\"company\"><h2>CEWE FOUNDATION &amp; CO. KGAA<\/h2><p>(<\/p><a style=\"color: var( --e-global-color-primary );\" href=\"#disclosureDefinitions\"><p>1, 8, 9<\/p><\/a><p>)<\/p><\/div><div class=\"company\"><h2>Cherry SE<\/h2><p>(<\/p><a style=\"color: var( --e-global-color-primary );\" href=\"#disclosureDefinitions\"><p>1, 8, 9<\/p><\/a><p>)<\/p><\/div><div class=\"company\"><h2>Delignit AG<\/h2><p>(<\/p><a style=\"color: var( --e-global-color-primary );\" href=\"#disclosureDefinitions\"><p>1, 8, 9<\/p><\/a><p>)<\/p><\/div><div class=\"company\"><h2>Delticom AG<\/h2><p>(<\/p><a style=\"color: var( --e-global-color-primary );\" href=\"#disclosureDefinitions\"><p>1, 8, 9<\/p><\/a><p>)<\/p><\/div><div class=\"company\"><h2>EDAG Engineering Group AG<\/h2><p>(<\/p><a style=\"color: var( --e-global-color-primary );\" href=\"#disclosureDefinitions\"><p>1, 8, 9<\/p><\/a><p>)<\/p><\/div><div class=\"company\"><h2>Edel SE &amp; Co. KGaA<\/h2><p>(<\/p><a style=\"color: var( --e-global-color-primary );\" href=\"#disclosureDefinitions\"><p>1, 8, 9<\/p><\/a><p>)<\/p><\/div><div class=\"company\"><h2>Electro Optic Systems<\/h2><p>(<\/p><a style=\"color: var( --e-global-color-primary );\" href=\"#disclosureDefinitions\"><p>1, 8, 9<\/p><\/a><p>)<\/p><\/div><div class=\"company\"><h2>elumeo SE<\/h2><p>(<\/p><a style=\"color: var( --e-global-color-primary );\" href=\"#disclosureDefinitions\"><p>1, 8, 9<\/p><\/a><p>)<\/p><\/div><div class=\"company\"><h2>Ernst Russ AG<\/h2><p>(<\/p><a style=\"color: var( --e-global-color-primary );\" href=\"#disclosureDefinitions\"><p>1, 8, 9<\/p><\/a><p>)<\/p><\/div><div class=\"company\"><h2>ERWE Immobilien AG<\/h2><p>(<\/p><a style=\"color: var( --e-global-color-primary );\" href=\"#disclosureDefinitions\"><p>1, 8, 9<\/p><\/a><p>)<\/p><\/div><div class=\"company\"><h2>Exasol AG<\/h2><p>(<\/p><a style=\"color: var( --e-global-color-primary );\" href=\"#disclosureDefinitions\"><p>1, 8, 9<\/p><\/a><p>)<\/p><\/div><div class=\"company\"><h2>Fabasoft AG<\/h2><p>(<\/p><a style=\"color: var( --e-global-color-primary );\" href=\"#disclosureDefinitions\"><p>1, 8, 9<\/p><\/a><p>)<\/p><\/div><div class=\"company\"><h2>FACC AG<\/h2><p>(<\/p><a style=\"color: var( --e-global-color-primary );\" href=\"#disclosureDefinitions\"><p>1, 8, 9<\/p><\/a><p>)<\/p><\/div><div class=\"company\"><h2>FamiCord AG<\/h2><p>(<\/p><a style=\"color: var( --e-global-color-primary );\" href=\"#disclosureDefinitions\"><p>1, 8, 9<\/p><\/a><p>)<\/p><\/div><div class=\"company\"><h2>FORTEC Elektronik AG<\/h2><p>(<\/p><a style=\"color: var( --e-global-color-primary );\" href=\"#disclosureDefinitions\"><p>1, 8, 9<\/p><\/a><p>)<\/p><\/div><div class=\"company\"><h2>Havila Kystruten AS<\/h2><p>(<\/p><a style=\"color: var( --e-global-color-primary );\" href=\"#disclosureDefinitions\"><p>1, 8, 9<\/p><\/a><p>)<\/p><\/div><div class=\"company\"><h2>HMS Bergbau AG<\/h2><p>(<\/p><a style=\"color: var( --e-global-color-primary );\" href=\"#disclosureDefinitions\"><p>1, 4, 8, 9<\/p><\/a><p>)<\/p><\/div><div class=\"company\"><h2>HomeToGo SE<\/h2><p>(<\/p><a style=\"color: var( --e-global-color-primary );\" href=\"#disclosureDefinitions\"><p>1, 8, 9<\/p><\/a><p>)<\/p><\/div><div class=\"company\"><h2>IBU-tec advanced materials AG<\/h2><p>(<\/p><a style=\"color: var( --e-global-color-primary );\" href=\"#disclosureDefinitions\"><p>1, 8, 9<\/p><\/a><p>)<\/p><\/div><div class=\"company\"><h2>Intellego Technologies AB<\/h2><p>(<\/p><a style=\"color: var( --e-global-color-primary );\" href=\"#disclosureDefinitions\"><p>1, 8, 9, 12<\/p><\/a><p>)<\/p><\/div><div class=\"company\"><h2>IVU Traffic Technologies AG<\/h2><p>(<\/p><a style=\"color: var( --e-global-color-primary );\" href=\"#disclosureDefinitions\"><p>1,8,9<\/p><\/a><p>)<\/p><\/div><div class=\"company\"><h2>Kapsch TrafficCom AG<\/h2><p>(<\/p><a style=\"color: var( --e-global-color-primary );\" href=\"#disclosureDefinitions\"><p>1, 8, 9<\/p><\/a><p>)<\/p><\/div><div class=\"company\"><h2>Knaus Tabbert AG<\/h2><p>(<\/p><a style=\"color: var( --e-global-color-primary );\" href=\"#disclosureDefinitions\"><p>1, 8, 9<\/p><\/a><p>)<\/p><\/div><div class=\"company\"><h2>Koenig &amp; Bauer AG<\/h2><p>(<\/p><a style=\"color: var( --e-global-color-primary );\" href=\"#disclosureDefinitions\"><p>1, 8, 9<\/p><\/a><p>)<\/p><\/div><div class=\"company\"><h2>LPKF Laser &amp; Electronics SE<\/h2><p>(<\/p><a style=\"color: var( --e-global-color-primary );\" href=\"#disclosureDefinitions\"><p>1, 8, 9<\/p><\/a><p>)<\/p><\/div><div class=\"company\"><h2>Masterflex SE<\/h2><p>(<\/p><a style=\"color: var( --e-global-color-primary );\" href=\"#disclosureDefinitions\"><p>1, 8, 9<\/p><\/a><p>)<\/p><\/div><div class=\"company\"><h2>Medios AG<\/h2><p>(<\/p><a style=\"color: var( --e-global-color-primary );\" href=\"#disclosureDefinitions\"><p>1, 8, 9<\/p><\/a><p>)<\/p><\/div><div class=\"company\"><h2>MOBOTIX AG<\/h2><p>(<\/p><a style=\"color: var( --e-global-color-primary );\" href=\"#disclosureDefinitions\"><p>1, 8, 9<\/p><\/a><p>)<\/p><\/div><div class=\"company\"><h2>Mountain Alliance AG<\/h2><p>(<\/p><a style=\"color: var( --e-global-color-primary );\" href=\"#disclosureDefinitions\"><p>1, 8, 9<\/p><\/a><p>)<\/p><\/div><div class=\"company\"><h2>MPC M\u00fcnchmeyer Petersen Capital AG<\/h2><p>(<\/p><a style=\"color: var( --e-global-color-primary );\" href=\"#disclosureDefinitions\"><p>1, 8, 9<\/p><\/a><p>)<\/p><\/div><div class=\"company\"><h2>MS Industrie AG<\/h2><p>(<\/p><a style=\"color: var( --e-global-color-primary );\" href=\"#disclosureDefinitions\"><p>1, 8, 9<\/p><\/a><p>)<\/p><\/div><div class=\"company\"><h2>Netfonds AG<\/h2><p>(<\/p><a style=\"color: var( --e-global-color-primary );\" href=\"#disclosureDefinitions\"><p>1, 8, 9<\/p><\/a><p>)<\/p><\/div><div class=\"company\"><h2>Nordex SE<\/h2><p>(<\/p><a style=\"color: var( --e-global-color-primary );\" href=\"#disclosureDefinitions\"><p>1, 8, 9<\/p><\/a><p>)<\/p><\/div><div class=\"company\"><h2>Nynomic AG<\/h2><p>(<\/p><a style=\"color: var( --e-global-color-primary );\" href=\"#disclosureDefinitions\"><p>1, 8, 9<\/p><\/a><p>)<\/p><\/div><div class=\"company\"><h2>PAL Next AG<\/h2><p>(<\/p><a style=\"color: var( --e-global-color-primary );\" href=\"#disclosureDefinitions\"><p>1, 8, 9<\/p><\/a><p>)<\/p><\/div><div class=\"company\"><h2>pferdewetten.de AG<\/h2><p>(<\/p><a style=\"color: var( --e-global-color-primary );\" href=\"#disclosureDefinitions\"><p>1, 8, 9<\/p><\/a><p>)<\/p><\/div><div class=\"company\"><h2>PORR AG<\/h2><p>(<\/p><a style=\"color: var( --e-global-color-primary );\" href=\"#disclosureDefinitions\"><p>1, 8, 9<\/p><\/a><p>)<\/p><\/div><div class=\"company\"><h2>Private Assets SE &amp; Co. KGaA<\/h2><p>(<\/p><a style=\"color: var( --e-global-color-primary );\" href=\"#disclosureDefinitions\"><p>1, 8, 9<\/p><\/a><p>)<\/p><\/div><div class=\"company\"><h2>PVA TePla AG<\/h2><p>(<\/p><a style=\"color: var( --e-global-color-primary );\" href=\"#disclosureDefinitions\"><p>1, 8, 9<\/p><\/a><p>)<\/p><\/div><div class=\"company\"><h2>q.beyond AG<\/h2><p>(<\/p><a style=\"color: var( --e-global-color-primary );\" href=\"#disclosureDefinitions\"><p>1, 8, 9<\/p><\/a><p>)<\/p><\/div><div class=\"company\"><h2>SBF AG<\/h2><p>(<\/p><a style=\"color: var( --e-global-color-primary );\" href=\"#disclosureDefinitions\"><p>1, 8, 9<\/p><\/a><p>)<\/p><\/div><div class=\"company\"><h2>Schweizer Electronic AG<\/h2><p>(<\/p><a style=\"color: var( --e-global-color-primary );\" href=\"#disclosureDefinitions\"><p>1, 8, 9<\/p><\/a><p>)<\/p><\/div><div class=\"company\"><h2>Serviceware SE<\/h2><p>(<\/p><a style=\"color: var( --e-global-color-primary );\" href=\"#disclosureDefinitions\"><p>1, 8, 9<\/p><\/a><p>)<\/p><\/div><div class=\"company\"><h2>Shelly Group SE<\/h2><p>(<\/p><a style=\"color: var( --e-global-color-primary );\" href=\"#disclosureDefinitions\"><p>1, 3, 5, 8, 9, 12<\/p><\/a><p>)<\/p><\/div><div class=\"company\"><h2>SIRMA GROUP HOLDING<\/h2><p>(<\/p><a style=\"color: var( --e-global-color-primary );\" href=\"#disclosureDefinitions\"><p>1, 8, 9, 12<\/p><\/a><p>)<\/p><\/div><div class=\"company\"><h2>Smartbroker Holding AG<\/h2><p>(<\/p><a style=\"color: var( --e-global-color-primary );\" href=\"#disclosureDefinitions\"><p>1, 8, 9<\/p><\/a><p>)<\/p><\/div><div class=\"company\"><h2>SMT Scharf AG<\/h2><p>(<\/p><a style=\"color: var( --e-global-color-primary );\" href=\"#disclosureDefinitions\"><p>1, 8, 9<\/p><\/a><p>)<\/p><\/div><div class=\"company\"><h2>STEICO SE<\/h2><p>(<\/p><a style=\"color: var( --e-global-color-primary );\" href=\"#disclosureDefinitions\"><p>1, 8, 9<\/p><\/a><p>)<\/p><\/div><div class=\"company\"><h2>Sto SE &amp; Co. KGaA<\/h2><p>(<\/p><a style=\"color: var( --e-global-color-primary );\" href=\"#disclosureDefinitions\"><p>1, 8, 9<\/p><\/a><p>)<\/p><\/div><div class=\"company\"><h2>TAKKT AG<\/h2><p>(<\/p><a style=\"color: var( --e-global-color-primary );\" href=\"#disclosureDefinitions\"><p>1, 8, 9<\/p><\/a><p>)<\/p><\/div><div class=\"company\"><h2>technotrans SE<\/h2><p>(<\/p><a style=\"color: var( --e-global-color-primary );\" href=\"#disclosureDefinitions\"><p>1, 8, 9<\/p><\/a><p>)<\/p><\/div><div class=\"company\"><h2>UBM Development AG<\/h2><p>(<\/p><a style=\"color: var( --e-global-color-primary );\" href=\"#disclosureDefinitions\"><p>1, 4, 5, 8, 9<\/p><\/a><p>)<\/p><\/div><div class=\"company\"><h2>Umweltbank AG<\/h2><p>(<\/p><a style=\"color: var( --e-global-color-primary );\" href=\"#disclosureDefinitions\"><p>1, 8, 9<\/p><\/a><p>)<\/p><\/div><div class=\"company\"><h2>Uzin Utz SE<\/h2><p>(<\/p><a style=\"color: var( --e-global-color-primary );\" href=\"#disclosureDefinitions\"><p>1, 8, 9<\/p><\/a><p>)<\/p><\/div><div class=\"company\"><h2>Wuestenrot &amp; Wuerttembergische AG<\/h2><p>(<\/p><a style=\"color: var( --e-global-color-primary );\" href=\"#disclosureDefinitions\"><p>1, 8, 9<\/p><\/a><p>)<\/p><\/div><div class=\"company\"><h2>YOC AG<\/h2><p>(<\/p><a style=\"color: var( --e-global-color-primary );\" href=\"#disclosureDefinitions\"><p>1, 8, 9<\/p><\/a><p>)<\/p><\/div><div class=\"company\"><h2>ZEAL Network SE<\/h2><p>(<\/p><a style=\"color: var( --e-global-color-primary );\" href=\"#disclosureDefinitions\"><p>1, 8, 9<\/p><\/a><p>)<\/p><\/div><div class=\"company\"><h2>Austrian Post AG<\/h2><p>(<\/p><a style=\"color: var( --e-global-color-primary );\" href=\"#disclosureDefinitions\"><p>1, 8, 9<\/p><\/a><p>)<\/p><\/div><\/div> <h2 style=\"margin-top: 60px\" class=\"wp-block-heading\">Explanations<\/h2> <div id=\"disclosureDefinitions\"><ol class=\"custom-list\" >\n<li><span lang=\"de\">In the past 12 months, Montega AG has entered into an agreement with the issuer for the preparation of financial analyses, for which Montega AG receives remuneration.<\/span><\/li>\n<li><span lang=\"de\">In the past 12 months, Montega has entered into an agreement with a third party for the preparation of financial analyses for which Montega AG receives remuneration.<\/span><\/li>\n<li><span lang=\"de\">Montega AG has provided other consulting services for this company and\/or its shareholders in the past 12 months.<\/span><\/li>\n<li><span lang=\"de\">Montega AG and\/or a legal entity contractually affiliated with it was\/were bound by an agreement with the analyzed company for services in connection with investment banking transactions within the last 12 months or has\/have received services from such an agreement.<\/span><\/li>\n<li><span lang=\"de\">Montega AG and\/or its affiliates expect to receive or intend to seek compensation from the Company for investment banking services in the next three months.<\/span><\/li>\n<li><span lang=\"de\">Montega AG, the analyst responsible for the preparation of the analysis or another employee of Montega AG holds shares of more than 5% of the share capital of the analyzed issuer at the time of publication.<\/span><\/li>\n<li><span lang=\"de\">Montega AG, the analyst responsible for the preparation of the analysis or any other employee of Montega AG owns a net short or long position of more than 0.5 % of the issuer's share capital at the time of publication.<\/span><\/li>\n<li><span lang=\"de\">A company affiliated with Montega AG may hold an interest in the share capital of the issuer or hold other financial instruments in this company.<\/span><\/li>\n<li><span lang=\"de\">Montega AG or a legal entity affiliated with it has significant financial interests in the analyzed company, such as the acquisition and\/or exercise of mandates or the provision of services for the analyzed company (e.g. roadshows, round tables, earnings calls, presentations at conferences, etc.).<\/span><\/li>\n<li><span lang=\"de\">In the last 12 months, Montega AG has provided services (via a third party) to a board member of the analyzed company in relation to a transfer of shares in the analyzed company and received remuneration for this.<\/span><\/li>\n<li><span lang=\"de\">Montega AG has presented the issuer as an investment opportunity to a potential investor and receives remuneration from the potential investor if the latter invests in the issuer.<\/span><\/li>\n<li><span lang=\"de\">The issuer has commissioned Montega AG to provide additional services for which Montega AG receives remuneration from the issuer.<\/span><\/li>\n<\/ol><\/div>\n\n\n\n<p><\/p>","protected":false},"excerpt":{"rendered":"<p>Montega hat verschiedene Ma\u00dfnahmen getroffen, um Interessenskonflikte zu vermeiden. Dazu geh\u00f6rt, dass es s\u00e4mtlichen Mitarbeitern der Montega AG verboten ist, Aktien aus dem eigenen Coverage-Universum zu handeln, bei denen mit dem Emittenten ein Mandatsverh\u00e4ltnis zur Erstellung von Research besteht. Zudem ist sowohl den Mitarbeitern als auch dem Unternehmen die Annahme von Zuwendungen untersagt, die Personen [&hellip;]<\/p>\n","protected":false},"author":1,"featured_media":0,"parent":2361,"menu_order":0,"comment_status":"closed","ping_status":"closed","template":"","meta":{"inline_featured_image":false,"footnotes":""},"class_list":["post-2368","page","type-page","status-publish","hentry"],"_links":{"self":[{"href":"https:\/\/montega.de\/en\/wp-json\/wp\/v2\/pages\/2368","targetHints":{"allow":["GET"]}}],"collection":[{"href":"https:\/\/montega.de\/en\/wp-json\/wp\/v2\/pages"}],"about":[{"href":"https:\/\/montega.de\/en\/wp-json\/wp\/v2\/types\/page"}],"author":[{"embeddable":true,"href":"https:\/\/montega.de\/en\/wp-json\/wp\/v2\/users\/1"}],"replies":[{"embeddable":true,"href":"https:\/\/montega.de\/en\/wp-json\/wp\/v2\/comments?post=2368"}],"version-history":[{"count":5,"href":"https:\/\/montega.de\/en\/wp-json\/wp\/v2\/pages\/2368\/revisions"}],"predecessor-version":[{"id":3953,"href":"https:\/\/montega.de\/en\/wp-json\/wp\/v2\/pages\/2368\/revisions\/3953"}],"up":[{"embeddable":true,"href":"https:\/\/montega.de\/en\/wp-json\/wp\/v2\/pages\/2361"}],"wp:attachment":[{"href":"https:\/\/montega.de\/en\/wp-json\/wp\/v2\/media?parent=2368"}],"curies":[{"name":"wp","href":"https:\/\/api.w.org\/{rel}","templated":true}]}}