{"id":2370,"date":"2025-01-24T16:41:01","date_gmt":"2025-01-24T11:11:01","guid":{"rendered":"https:\/\/montega.de\/?page_id=2370"},"modified":"2026-04-16T13:30:47","modified_gmt":"2026-04-16T11:30:47","slug":"montega-ag-legal-notice","status":"publish","type":"page","link":"https:\/\/montega.de\/en\/legal-hub\/montega-ag-legal-notice\/","title":{"rendered":"Imprint"},"content":{"rendered":"<h2 class=\"wp-block-heading\"><\/h2>\n\n\n\n<p>This website is provided by:<br><br>Montega AG<br>Schauenburgerstrasse 10<br>20095 Hamburg<br>Germany<br><br>Phone: +49 40 \/ 4 11 11 37 80<br>E-Mail: <a href=\"mailto:info@montega.de\">info@montega.de<\/a><br><br><strong>Commercial register entry<\/strong><br>Montega AG is registered at Hamburg Local Court under the registration number HRB 111052.<br>VAT ID No.: DE268317003<br><br><strong>Supervisory Board<\/strong><br>Wais Samadzada (Chairman)<br>Markus Barth, CFA<br>Christoph Alexander Petri<br><br><strong>Management Board<\/strong><br>Pierre Gr\u00f6ning<br><br><strong>Supervisory authority<\/strong><br>Montega AG is supervised by BaFin with regard to compliance with the provisions of Sections 34b and 34c of the German Securities Trading Act and the Financial Analysis Regulations applicable to companies active in the field of financial analysis.<\/p>\n\n\n\n<p><\/p>\n\n\n\n<p><strong>Company information of Montega Markets GmbH<\/strong><\/p>\n\n\n\n<p>Montega Markets GmbH<br>Bleichstrasse 59<br>60313 Frankfurt am Main<br>Germany<\/p>\n\n\n\n<p>Phone: +49 69 50 607 1001<br>E-Mail: <a href=\"mailto:markets@montega.de\" target=\"_blank\" rel=\"noreferrer noopener\">markets@montega.de<\/a><\/p>\n\n\n\n<p><strong>Commercial register entry<\/strong><br>Montega Markets GmbH is registered at Frankfurt am Main Local Court under registration number HRB 138615.<br>VAT ID No.: DE360203627<\/p>\n\n\n\n<p><strong>Management<\/strong><br>Martin Schmei\u00dfer<\/p>\n\n\n\n<p><strong>Supervision<\/strong><\/p>\n\n\n\n<p>Montega Markets GmbH acts as a tied agent in accordance with Section 3 (2) WpIG under the liability umbrella of Wolfgang Steubing AG, Frankfurt am Main. The authorized services include placement business, investment brokerage and investment advice.<\/p>\n\n\n\n<p>Montega Markets GmbH also has a license in accordance with Section 34c (1) sentence 1 no. 2 GewO; the supervisory authority is the Ordnungsamt der Stadt Frankfurt, Kleyerstra\u00dfe 86, 60326 Frankfurt am Main.<\/p>\n\n\n\n<p><strong>Rights<\/strong><br>All rights reserved. Reprinting (including excerpts), commercial distribution and inclusion in commercial databases only with the written permission of Montega AG.<br><br><strong>Google Analytics<\/strong><br>This website uses Google Analytics, a web analytics service provided by Google Inc (\u201eGoogle\u201c). Google Analytics uses \u201ecookies\u201c, which are text files placed on your computer, to help the website analyze how users use the site. The information generated by the cookie about your use of the website (including your IP address) will be transmitted to and stored by Google on servers in the United States. Google will use this information for the purpose of evaluating your use of the website, compiling reports on website activity for website operators and providing other services relating to website activity and internet usage. Google may also transfer this information to third parties where required to do so by law, or where such third parties process the information on Google's behalf. Google will not associate your IP address with any other data held by Google. You may refuse the use of cookies by selecting the appropriate settings on your browser, however please note that if you do this you may not be able to use the full functionality of this website. By using this website, you consent to the processing of data about you by Google in the manner and for the purposes set out above.<br><br>You can object to the collection and use of your IP address by Google Analytics at any time with effect for the future. You can find more information on this at&nbsp;<a href=\"https:\/\/tools.google.com\/dlpage\/gaoptout?hl=de\" target=\"_blank\" rel=\"noreferrer noopener\">https:\/\/tools.google.com\/dlpage\/gaoptout?hl=de<\/a>. We would like to point out that on this website Google Analytics has been extended by the code \u201egat._anonymizeIp();\u201c to ensure an anonymized collection of IP addresses.<\/p>\n\n\n\n<p><strong>Website development &amp; IT support<\/strong> <br><a href=\"https:\/\/digital40.de\" target=\"_blank\" rel=\"noreferrer noopener\">digital40 - WordPress Agency Hamburg<\/a><\/p>","protected":false},"excerpt":{"rendered":"<p>Diese Internetpr\u00e4senz wird bereitgestellt durch: Montega AGSchauenburgerstra\u00dfe 1020095 HamburgDeutschland Tel.: +49 40 \/ 4 11 11 37 80E-Mail: info@montega.de HandelsregistereintragDie Montega AG ist am Amtsgericht Hamburg unter der Registernummer HRB 111052 eingetragen.USt.-IdNr.: DE268317003 AufsichtsratWais Samadzada (Vorsitzender)Markus Barth, CFAChristoph Alexander Petri VorstandPierre Gr\u00f6ning Aufsichtsbeh\u00f6rdeDie Montega AG wird von der BaFin hinsichtlich der Einhaltung der f\u00fcr im [&hellip;]<\/p>\n","protected":false},"author":1,"featured_media":0,"parent":2361,"menu_order":0,"comment_status":"closed","ping_status":"closed","template":"","meta":{"inline_featured_image":false,"footnotes":""},"class_list":["post-2370","page","type-page","status-publish","hentry"],"_links":{"self":[{"href":"https:\/\/montega.de\/en\/wp-json\/wp\/v2\/pages\/2370","targetHints":{"allow":["GET"]}}],"collection":[{"href":"https:\/\/montega.de\/en\/wp-json\/wp\/v2\/pages"}],"about":[{"href":"https:\/\/montega.de\/en\/wp-json\/wp\/v2\/types\/page"}],"author":[{"embeddable":true,"href":"https:\/\/montega.de\/en\/wp-json\/wp\/v2\/users\/1"}],"replies":[{"embeddable":true,"href":"https:\/\/montega.de\/en\/wp-json\/wp\/v2\/comments?post=2370"}],"version-history":[{"count":7,"href":"https:\/\/montega.de\/en\/wp-json\/wp\/v2\/pages\/2370\/revisions"}],"predecessor-version":[{"id":4330,"href":"https:\/\/montega.de\/en\/wp-json\/wp\/v2\/pages\/2370\/revisions\/4330"}],"up":[{"embeddable":true,"href":"https:\/\/montega.de\/en\/wp-json\/wp\/v2\/pages\/2361"}],"wp:attachment":[{"href":"https:\/\/montega.de\/en\/wp-json\/wp\/v2\/media?parent=2370"}],"curies":[{"name":"wp","href":"https:\/\/api.w.org\/{rel}","templated":true}]}}